{"id":113,"date":"2020-12-17T17:07:07","date_gmt":"2020-12-17T14:07:07","guid":{"rendered":"http:\/\/cavusgilambalaj.com\/?page_id=113"},"modified":"2020-12-20T18:59:30","modified_gmt":"2020-12-20T15:59:30","slug":"hakkimizda","status":"publish","type":"page","link":"http:\/\/cavusgilambalaj.com\/index.php\/hakkimizda\/","title":{"rendered":"Hakk\u0131m\u0131zda"},"content":{"rendered":"\t\t<div data-elementor-type=\"wp-page\" data-elementor-id=\"113\" class=\"elementor elementor-113\">\n\t\t\t\t\t\t\t\t\t<section class=\"elementor-section elementor-top-section elementor-element elementor-element-9ee9560 elementor-section-boxed elementor-section-height-default elementor-section-height-default\" data-id=\"9ee9560\" data-element_type=\"section\">\n\t\t\t\t\t\t<div class=\"elementor-container elementor-column-gap-default\">\n\t\t\t\t\t<div class=\"elementor-column elementor-col-50 elementor-top-column elementor-element elementor-element-200e234\" data-id=\"200e234\" data-element_type=\"column\">\n\t\t\t<div class=\"elementor-widget-wrap elementor-element-populated\">\n\t\t\t\t\t\t\t\t<div class=\"elementor-element elementor-element-1efa87e elementor-widget elementor-widget-image\" data-id=\"1efa87e\" data-element_type=\"widget\" data-widget_type=\"image.default\">\n\t\t\t\t<div class=\"elementor-widget-container\">\n\t\t\t\t\t\t\t\t\t\t\t\t\t\t\t<img loading=\"lazy\" decoding=\"async\" width=\"512\" height=\"341\" src=\"http:\/\/cavusgilambalaj.com\/wp-content\/uploads\/2020\/12\/unnamed.png\" class=\"attachment-large size-large wp-image-206\" alt=\"\" srcset=\"http:\/\/cavusgilambalaj.com\/wp-content\/uploads\/2020\/12\/unnamed.png 512w, http:\/\/cavusgilambalaj.com\/wp-content\/uploads\/2020\/12\/unnamed-300x200.png 300w\" sizes=\"(max-width: 512px) 100vw, 512px\" \/>\t\t\t\t\t\t\t\t\t\t\t\t\t\t\t<\/div>\n\t\t\t\t<\/div>\n\t\t\t\t\t<\/div>\n\t\t<\/div>\n\t\t\t\t<div class=\"elementor-column elementor-col-50 elementor-top-column elementor-element elementor-element-cb8078e\" data-id=\"cb8078e\" data-element_type=\"column\">\n\t\t\t<div class=\"elementor-widget-wrap elementor-element-populated\">\n\t\t\t\t\t\t\t\t<div class=\"elementor-element elementor-element-9c25d09 elementor-widget elementor-widget-text-editor\" data-id=\"9c25d09\" data-element_type=\"widget\" data-widget_type=\"text-editor.default\">\n\t\t\t\t<div class=\"elementor-widget-container\">\n\t\t\t\t\t\t\t<p>\u00c7avu\u015fgil Ambalaj, 2005 y\u0131l\u0131nda kurulmu\u015f olan\u00a0 T\u00fcrkiye&#8217;nin ilk Toptan ambalaj malzemesi sat\u0131\u015f\u0131n\u0131 yapan firmad\u0131r.<\/p><p>\u0130lerleyen zamanlarda ambalaj \u00fcr\u00fcnlerinin yan\u0131s\u0131ra , temizlik malzemeleri,hijyen \u00fcr\u00fcnleri, temizlik aparatlar\u0131,temizlik kimyasallar\u0131,kozmetik ,ens\u00fctriyel ka\u011f\u0131t \u00fcr\u00fcnleri ve aparatlar\u0131\u00a0\u00a0gibi \u00fcr\u00fcnleri portf\u00f6y\u00fcne ilave ederek \u00fcr\u00fcn gam\u0131n\u0131 art\u0131rm\u0131\u015ft\u0131r.<\/p><p>&#8221;Ambalaj Toptanc\u0131n\u0131z&#8221; slogan\u0131yla T\u00fcrkiye&#8217;nin t\u00fcm b\u00f6lgelerine ve en \u00fccra k\u00f6\u015fesine kadar ambalaj\u00a0, temizlik ve\u00a0di\u011fer\u00a0\u00fcr\u00fcnlerin tedari\u011fini toptan olarak yapmaktad\u0131r.<\/p><p>\u00dcr\u00fcn \u00e7e\u015fitlili\u011fimiz y\u0131llar i\u00e7inde artarak devam etmekte hayat\u0131 kolayla\u015ft\u0131ran \u00fcr\u00fcnler toptan al\u0131c\u0131lara uygun ve cazip fiyatlardan arz edilmeye devam edilmektedir.<\/p>\t\t\t\t\t\t<\/div>\n\t\t\t\t<\/div>\n\t\t\t\t\t<\/div>\n\t\t<\/div>\n\t\t\t\t\t\t\t<\/div>\n\t\t<\/section>\n\t\t\t\t<section class=\"elementor-section elementor-top-section elementor-element elementor-element-3a0751d elementor-section-boxed elementor-section-height-default elementor-section-height-default\" data-id=\"3a0751d\" data-element_type=\"section\">\n\t\t\t\t\t\t<div class=\"elementor-container elementor-column-gap-default\">\n\t\t\t\t\t<div class=\"elementor-column elementor-col-100 elementor-top-column elementor-element elementor-element-99d50c4\" data-id=\"99d50c4\" data-element_type=\"column\">\n\t\t\t<div class=\"elementor-widget-wrap elementor-element-populated\">\n\t\t\t\t\t\t\t\t<div class=\"elementor-element elementor-element-f4b034a elementor-widget elementor-widget-image\" data-id=\"f4b034a\" data-element_type=\"widget\" data-widget_type=\"image.default\">\n\t\t\t\t<div class=\"elementor-widget-container\">\n\t\t\t\t\t\t\t\t\t\t\t\t\t\t\t<img loading=\"lazy\" decoding=\"async\" width=\"1024\" height=\"375\" src=\"http:\/\/cavusgilambalaj.com\/wp-content\/uploads\/2020\/12\/koli-banner-1024x375.jpg\" class=\"attachment-large size-large wp-image-211\" alt=\"\" srcset=\"http:\/\/cavusgilambalaj.com\/wp-content\/uploads\/2020\/12\/koli-banner-1024x375.jpg 1024w, http:\/\/cavusgilambalaj.com\/wp-content\/uploads\/2020\/12\/koli-banner-300x110.jpg 300w, http:\/\/cavusgilambalaj.com\/wp-content\/uploads\/2020\/12\/koli-banner-768x281.jpg 768w, http:\/\/cavusgilambalaj.com\/wp-content\/uploads\/2020\/12\/koli-banner.jpg 1400w\" sizes=\"(max-width: 1024px) 100vw, 1024px\" \/>\t\t\t\t\t\t\t\t\t\t\t\t\t\t\t<\/div>\n\t\t\t\t<\/div>\n\t\t\t\t\t<\/div>\n\t\t<\/div>\n\t\t\t\t\t\t\t<\/div>\n\t\t<\/section>\n\t\t\t\t\t\t\t<\/div>\n\t\t","protected":false},"excerpt":{"rendered":"<p>\u00c7avu\u015fgil Ambalaj, 2005 y\u0131l\u0131nda kurulmu\u015f olan\u00a0 T\u00fcrkiye&#8217;nin ilk Toptan ambalaj malzemesi sat\u0131\u015f\u0131n\u0131 yapan firmad\u0131r. \u0130lerleyen zamanlarda ambalaj \u00fcr\u00fcnlerinin yan\u0131s\u0131ra , temizlik malzemeleri,hijyen \u00fcr\u00fcnleri, temizlik aparatlar\u0131,temizlik kimyasallar\u0131,kozmetik ,ens\u00fctriyel ka\u011f\u0131t \u00fcr\u00fcnleri ve aparatlar\u0131\u00a0\u00a0gibi \u00fcr\u00fcnleri portf\u00f6y\u00fcne ilave ederek \u00fcr\u00fcn gam\u0131n\u0131 art\u0131rm\u0131\u015ft\u0131r. &#8221;Ambalaj Toptanc\u0131n\u0131z&#8221; slogan\u0131yla T\u00fcrkiye&#8217;nin t\u00fcm b\u00f6lgelerine ve en \u00fccra k\u00f6\u015fesine kadar ambalaj\u00a0, temizlik ve\u00a0di\u011fer\u00a0\u00fcr\u00fcnlerin tedari\u011fini toptan olarak&hellip; <br \/> <a class=\"read-more\" href=\"http:\/\/cavusgilambalaj.com\/index.php\/hakkimizda\/\">Devam\u0131<\/a><\/p>\n","protected":false},"author":1,"featured_media":0,"parent":0,"menu_order":0,"comment_status":"closed","ping_status":"closed","template":"","meta":{"footnotes":""},"_links":{"self":[{"href":"http:\/\/cavusgilambalaj.com\/index.php\/wp-json\/wp\/v2\/pages\/113"}],"collection":[{"href":"http:\/\/cavusgilambalaj.com\/index.php\/wp-json\/wp\/v2\/pages"}],"about":[{"href":"http:\/\/cavusgilambalaj.com\/index.php\/wp-json\/wp\/v2\/types\/page"}],"author":[{"embeddable":true,"href":"http:\/\/cavusgilambalaj.com\/index.php\/wp-json\/wp\/v2\/users\/1"}],"replies":[{"embeddable":true,"href":"http:\/\/cavusgilambalaj.com\/index.php\/wp-json\/wp\/v2\/comments?post=113"}],"version-history":[{"count":13,"href":"http:\/\/cavusgilambalaj.com\/index.php\/wp-json\/wp\/v2\/pages\/113\/revisions"}],"predecessor-version":[{"id":217,"href":"http:\/\/cavusgilambalaj.com\/index.php\/wp-json\/wp\/v2\/pages\/113\/revisions\/217"}],"wp:attachment":[{"href":"http:\/\/cavusgilambalaj.com\/index.php\/wp-json\/wp\/v2\/media?parent=113"}],"curies":[{"name":"wp","href":"https:\/\/api.w.org\/{rel}","templated":true}]}}