{"id":125,"date":"2020-12-18T11:16:51","date_gmt":"2020-12-18T08:16:51","guid":{"rendered":"http:\/\/cavusgilambalaj.com\/index.php\/mesmerize\/"},"modified":"2021-04-09T11:50:47","modified_gmt":"2021-04-09T08:50:47","slug":"mesmerize","status":"publish","type":"page","link":"http:\/\/cavusgilambalaj.com\/","title":{"rendered":"Front Page"},"content":{"rendered":"<div  id=\"overlappable-4\" style=\"background-color: #ffffff;\" data-label=\"Overlappable\" data-id=\"overlappable-4\" data-export-id=\"overlappable-4\" data-category=\"overlappable\" class=\"overlappable-4 content-section content-section-spacing\" data-overlap=\"true\"><div  class=\"gridContainer\"> <div  data-type=\"row\" class=\"row spaced-cols text-center\"> <div  class=\"col-xs-12 col-sm-4 col-padding\"> <i  class=\"fa icon fa-clone large shadow-large-black round aligncenter reverse color1\"><\/i> <div  data-type=\"column\" class=\"\"> <h5  class=\"\">\u00d6ZEL TASARIM<\/h5> <p  class=\"\">Gereksinimleriniz i\u00e7in \u00e7\u00f6z\u00fcmler sunar. Dayan\u0131kl\u0131 ve katma de\u011feri y\u00fcksek \u00fcr\u00fcnler \u00fcretir.<\/p><\/div> <\/div><div  class=\"col-xs-12 col-sm-4 col-padding\"> <a data-cp-link=\"1\" href=\"#\" target=\"_self\" rel=\"noopener noreferrer\"><i  class=\"fa icon shadow-large-black aligncenter color1 fa-dollar reverse round large\"><\/i><\/a> <div  data-type=\"column\" class=\"\"><h5  class=\"\">NAKL\u0130YE AVANTAJI<\/h5> <p  class=\"\">\u0130\u00e7 i\u00e7e ge\u00e7ebilen \u00fcr\u00fcn \u00f6zelli\u011fi sayesinde yerden tasarruf ve nakliyeden avantaj sa\u011flar.<\/p><\/div> <\/div> <div  class=\"col-xs-12 col-sm-4 col-padding\"> <i  class=\"fa icon fa-magic large shadow-large-black round aligncenter reverse color1\"><\/i> <div  data-type=\"column\" class=\"\"><h5  class=\"\">M\u00dc\u015eTER\u0130 MEMNUN\u0130YET\u0130<\/h5> <p  class=\"\">M\u00fc\u015fteri memnuniyetini devaml\u0131 \u00f6n planda tutarak hizmet vermekteyiz.<\/p><\/div> <\/div><\/div> <\/div><\/div><div  id=\"about-1\" style=\"background-color: #f5fafd;\" data-label=\"About\" data-id=\"about-1\" data-export-id=\"about-1\" data-category=\"about\" class=\"about-1 content-section\"><div  class=\"gridContainer\"> <div  class=\"row text-center\"><div  class=\"section-title-col\" data-type=\"column\">  <h2  class=\"\">2005 Y\u0131l\u0131dan bu zamana kadar ambalaj sekt\u00f6r\u00fcne y\u00f6n vermeye devam ediyoruz.<span  href=\"#\" style=\"font-weight: 700; font-family: Playfair Display,sans-serif; font-style: italic;\"><\/span><\/h2> <p  class=\"lead\"><\/p><\/div> <\/div> <div  class=\"row\"> <div  class=\"button-holder space-bottom space-bottom-small\" data-type=\"column\"> <a class=\"button color1\" href=\"https:\/\/cavusgilambalaj.com\/index.php\/iletisim\" target=\"_self\" data-cp-link=\"1\" rel=\"noopener noreferrer\">\u0130LET\u0130\u015e\u0130M<\/a><\/div> <div  class=\"col-xs bottom-xs flexbox image-group-bottom-3-img space-bottom-xs center-xs\"> <img decoding=\"async\"  class=\"left-img shadow-large-black\" data-size=\"500x300\" src=\"http:\/\/cavusgilambalaj.com\/wp-content\/uploads\/2020\/12\/cropped-S\u0131zd\u0131rmaz-Kap-500-ml.jpg\" title=\"cropped-S\u0131zd\u0131rmaz-Kap-500-ml.jpg\" alt=\"\"> <img decoding=\"async\"  class=\"center-img shadow-large-black\" data-size=\"500x300\" src=\"http:\/\/cavusgilambalaj.com\/wp-content\/uploads\/2020\/12\/cropped-blog06-1162x700-1.jpg\" title=\"cropped-blog06-1162x700-1.jpg\" alt=\"\"> <img decoding=\"async\"  class=\"right-img shadow-large-black\" data-size=\"500x300\" src=\"http:\/\/cavusgilambalaj.com\/wp-content\/uploads\/2020\/12\/cropped-kosebent_1577710145.jpg\" title=\"cropped-kosebent_1577710145.jpg\" alt=\"\"><\/div> <\/div><\/div> <\/div><div  id=\"features-3\" style=\"background-color: #ffffff;\" data-label=\"Features\" data-id=\"features-12-card-bordered\" data-export-id=\"features-12-card-bordered\" data-category=\"features\" class=\"features-12-card-bordered content-section content-section-spacing \"><div  class=\"gridContainer\"> <div  class=\"row text-center\"><div  class=\"section-title-col\" data-type=\"column\"> <h2  class=\"\">H\u0130ZMETLER\u0130M\u0130Z<\/h2> <p  class=\"lead\"><font  style=\"vertical-align: inherit;\"><font  style=\"vertical-align: inherit;\">Y\u0131llar ge\u00e7tik\u00e7e sekt\u00f6re yenilikler kazand\u0131rmaya devam ediyoruz.<\/font><\/font><\/p><\/div> <\/div> <div  class=\"row spaced-cols\" data-type=\"row\"> <div  class=\"col-sm-6\"> <div  class=\"card row-card bordered y-move\"> <div  class=\"row\"> <div  class=\"col-sm-fit icon-column\"> <i  class=\"fa icon fa-connectdevelop round bordered color2\"><\/i> <\/div> <div  class=\"col-sm\" data-type=\"column\"> <h5  class=\"color2\">GIDA<\/h5> <p  class=\"\">F\u0131r\u0131n, Hamburger ve Sandvi\u00e7, Bakliyat, Et<br >ta\u015f\u0131ma, Karpuz, Buz ve Dondurma po\u015feti<\/p><\/div> <\/div><\/div> <\/div> <div  class=\"col-sm-6\"> <div  class=\"card row-card bordered y-move\"> <div  class=\"row\"> <div  class=\"col-sm-fit icon-column\"> <i  class=\"fa icon fa-codepen round bordered color2\"><\/i> <\/div> <div  class=\"col-sm\" data-type=\"column\"> <h5  class=\"color2\">MA\u011eAZACILIK<\/h5> <p  class=\"\">Atlet po\u015fet, Elge\u00e7me po\u015fet, Yumu\u015fak sapl\u0131 po\u015fet, Rulo atlet po\u015fet, Eczane po\u015feti<\/p><\/div> <\/div><\/div> <\/div> <div  class=\"col-sm-6\"> <div  class=\"card row-card bordered y-move\"> <div  class=\"row\"> <div  class=\"col-sm-fit icon-column\"> <i  class=\"fa icon fa-cube round bordered color2\"><\/i> <\/div> <div  class=\"col-sm\" data-type=\"column\"> <h5  class=\"color2\">END\u00dcSTR\u0130YEL ve T\u0130CAR\u0130 AMBALAJ<\/h5> <p  class=\"\">T\u0131bbi at\u0131k po\u015feti, t\u00fcp ve damacana po\u015feti, Oto lastik po\u015feti\u2026<\/p><\/div> <\/div><\/div> <\/div> <div  class=\"col-sm-6\"> <div  class=\"card row-card bordered y-move\"> <div  class=\"row\"> <div  class=\"col-sm-fit icon-column\"> <i  class=\"fa icon fa-database round bordered color2\"><\/i> <\/div> <div  class=\"col-sm\" data-type=\"column\"> <h5  class=\"color2\"><font  style=\"vertical-align: inherit;\"><font  style=\"vertical-align: inherit;\">TEKST\u0130L<\/font><\/font><\/h5> <p  class=\"\">Elbise torbas\u0131, Ta\u015f\u0131ma torbas\u0131,\u00c7ama\u015f\u0131rhane Po\u015feti, bopp, opp, cpp, jelatin<\/p><\/div> <\/div><\/div> <\/div><\/div> <\/div><\/div><div  id=\"portfolio-3\" style=\"background-color: #f5fafd;\" data-label=\"Portfolio\" data-id=\"portfolio-4\" data-export-id=\"portfolio-4\" data-category=\"portfolio\" class=\"portfolio-4 content-section content-section-spacing-top\"><div  class=\"\"> <div  class=\"row text-center\"><div  class=\"section-title-col\" data-type=\"column\"> <h2  class=\"\"><font  style=\"vertical-align: inherit;\"><font  style=\"vertical-align: inherit;\">\u00dcr\u00fcn \u00c7e\u015fitlerimiz<\/font><\/font><\/h2> <p  class=\"lead\">\u00c7avu\u015fgil Anbalaj sekt\u00f6re getirdi\u011fi \u00e7\u00f6z\u00fcm \u00f6nerileri ve kalifiye eleman potansiyeli ile her zaman tercih edilen bir firma olmu\u015ftur.<\/p><\/div> <\/div> <div  data-type=\"row\" class=\"row\" data-fixed=\"true\"> <div  class=\"col-xs-12 col-sm-3 no-gutter-col\"> <div  class=\"contentswap-effect\" data-hover-fx=\"portfolio-4\"> <div  class=\"initial-image\"> <img decoding=\"async\"  data-size=\"542x360\" src=\"http:\/\/cavusgilambalaj.com\/wp-content\/uploads\/2020\/12\/cropped-beybi-eldiven-toptan-1.jpg\"><\/div> <div  class=\"overlay bg-color1\"><\/div> <div  class=\"swap-inner col-xs-12\"> <div  class=\"row full-height-row middle-xs middle-sm\"> <div  class=\"col-xs-12 text-center content-holder\"> <a href=\"#\" target=\"_self\" rel=\"noopener noreferrer\"><i  class=\"fa icon portfolio-icon fa-search big\" aria-hidden=\"true\"><\/i><\/a><\/div> <\/div><\/div> <\/div><\/div> <div  class=\"col-xs-12 col-sm-3 no-gutter-col\"><div  class=\"contentswap-effect\" data-hover-fx=\"portfolio-4\"> <div  class=\"initial-image\"> <img decoding=\"async\"  data-size=\"542x360\" src=\"http:\/\/cavusgilambalaj.com\/wp-content\/uploads\/2020\/12\/cropped-yildizli7oz-500x500-1.jpg\"><\/div> <div  class=\"overlay bg-color1\"><\/div> <div  class=\"swap-inner col-xs-12\"> <div  class=\"row full-height-row middle-xs middle-sm\"> <div  class=\"col-xs-12 text-center content-holder\"> <a href=\"#\" target=\"_self\" rel=\"noopener noreferrer\"><i  class=\"fa icon portfolio-icon fa-search big\" aria-hidden=\"true\"><\/i><\/a><\/div> <\/div><\/div> <\/div><\/div> <div  class=\"col-xs-12 col-sm-3 no-gutter-col\"><div  class=\"contentswap-effect\" data-hover-fx=\"portfolio-4\"> <div  class=\"initial-image\"> <img decoding=\"async\"  data-size=\"542x360\" src=\"http:\/\/cavusgilambalaj.com\/wp-content\/uploads\/2020\/12\/cropped-el-tipi-strec-film-1498766343_min.jpg\"><\/div> <div  class=\"overlay bg-color1\"><\/div> <div  class=\"swap-inner col-xs-12\"> <div  class=\"row full-height-row middle-xs middle-sm\"> <div  class=\"col-xs-12 text-center content-holder\"> <a href=\"#\" target=\"_self\" rel=\"noopener noreferrer\"><i  class=\"fa icon portfolio-icon fa-search big\" aria-hidden=\"true\"><\/i><\/a><\/div> <\/div><\/div> <\/div><\/div> <div  class=\"col-xs-12 col-sm-3 no-gutter-col\"><div  class=\"contentswap-effect\" data-hover-fx=\"portfolio-4\"> <div  class=\"initial-image\"> <img decoding=\"async\"  data-size=\"542x360\" src=\"http:\/\/cavusgilambalaj.com\/wp-content\/uploads\/2020\/12\/cropped-karton-bardak.jpg\"><\/div> <div  class=\"overlay bg-color1\"><\/div> <div  class=\"swap-inner col-xs-12\"> <div  class=\"row full-height-row middle-xs middle-sm\"> <div  class=\"col-xs-12 text-center content-holder\"> <a href=\"#\" target=\"_self\" rel=\"noopener noreferrer\"><i  class=\"fa icon portfolio-icon fa-search big\" aria-hidden=\"true\"><\/i><\/a><\/div> <\/div><\/div> <\/div><\/div> <div  class=\"col-xs-12 col-sm-3 no-gutter-col\"><div  class=\"contentswap-effect\" data-hover-fx=\"portfolio-4\"> <div  class=\"initial-image\"> <img decoding=\"async\"  data-size=\"542x360\" src=\"http:\/\/cavusgilambalaj.com\/wp-content\/uploads\/2020\/12\/cropped-batttal-boyyy.jpg\"><\/div> <div  class=\"overlay bg-color1\"><\/div> <div  class=\"swap-inner col-xs-12\"> <div  class=\"row full-height-row middle-xs middle-sm\"> <div  class=\"col-xs-12 text-center content-holder\"> <a href=\"#\" target=\"_self\" rel=\"noopener noreferrer\"><i  class=\"fa icon portfolio-icon fa-search big\" aria-hidden=\"true\"><\/i><\/a><\/div> <\/div><\/div> <\/div><\/div> <div  class=\"col-xs-12 col-sm-3 no-gutter-col\"><div  class=\"contentswap-effect\" data-hover-fx=\"portfolio-4\"> <div  class=\"initial-image\"> <img decoding=\"async\"  data-size=\"542x360\" src=\"http:\/\/cavusgilambalaj.com\/wp-content\/uploads\/2020\/12\/cropped-111.jpg\"><\/div> <div  class=\"overlay bg-color1\"><\/div> <div  class=\"swap-inner col-xs-12\"> <div  class=\"row full-height-row middle-xs middle-sm\"> <div  class=\"col-xs-12 text-center content-holder\"> <a href=\"#\" target=\"_self\" rel=\"noopener noreferrer\"><i  class=\"fa icon portfolio-icon fa-search big\" aria-hidden=\"true\"><\/i><\/a><\/div> <\/div><\/div> <\/div><\/div> <div  class=\"col-xs-12 col-sm-3 no-gutter-col\"><div  class=\"contentswap-effect\" data-hover-fx=\"portfolio-4\"> <div  class=\"initial-image\"> <img decoding=\"async\"  data-size=\"542x360\" src=\"http:\/\/cavusgilambalaj.com\/wp-content\/uploads\/2020\/12\/cropped-25x15x10cm-tek-oluklu-beyaz-koli-2131-88-O.jpg\"><\/div> <div  class=\"overlay bg-color1\"><\/div> <div  class=\"swap-inner col-xs-12\"> <div  class=\"row full-height-row middle-xs middle-sm\"> <div  class=\"col-xs-12 text-center content-holder\"> <a href=\"#\" target=\"_self\" rel=\"noopener noreferrer\"><i  class=\"fa icon portfolio-icon fa-search big\" aria-hidden=\"true\"><\/i><\/a><\/div> <\/div><\/div> <\/div><\/div> <div  class=\"col-xs-12 col-sm-3 no-gutter-col\"><div  class=\"contentswap-effect\" data-hover-fx=\"portfolio-4\"> <div  class=\"initial-image\"> <img decoding=\"async\"  data-size=\"542x360\" src=\"http:\/\/cavusgilambalaj.com\/wp-content\/uploads\/2020\/12\/cropped-klas-3-lu-koli-bandi-1f840c3ad4cce03e8ab34f1b7b3ec676-2.jpg\"><\/div> <div  class=\"overlay bg-color1\"><\/div> <div  class=\"swap-inner col-xs-12\"> <div  class=\"row full-height-row middle-xs middle-sm\"> <div  class=\"col-xs-12 text-center content-holder\"> <a href=\"#\" target=\"_self\" rel=\"noopener noreferrer\"><i  class=\"fa icon portfolio-icon fa-search big\" aria-hidden=\"true\"><\/i><\/a><\/div> <\/div><\/div> <\/div><\/div> <\/div><\/div> <\/div><div  id=\"cta-1\" data-label=\"Cta\" data-id=\"cta-blue-section\" data-export-id=\"cta-blue-section\" data-category=\"cta\" class=\"cta-blue-section content-section content-section-spacing-medium bg-color1 white-text\"><div  class=\"gridContainer\"> <div  class=\"row middle-xs\"><div  class=\"col-sm-8 space-bottom-xs\" data-type=\"column\"> <h2  class=\"\">HIZLI ve UYGUN F\u0130YATLAR i\u00e7in<\/h2> <\/div> <div  class=\"col-sm-4 end-sm\" data-type=\"column\"> <a class=\"button color2\" href=\"https:\/\/cavusgilambalaj.com\/index.php\/iletisim\" target=\"_self\" data-cp-link=\"1\" rel=\"noopener noreferrer\">TEKL\u0130F ALIN<\/a><\/div> <\/div><\/div> <\/div>","protected":false},"excerpt":{"rendered":"<p>\u00d6ZEL TASARIM Gereksinimleriniz i\u00e7in \u00e7\u00f6z\u00fcmler sunar. Dayan\u0131kl\u0131 ve katma de\u011feri y\u00fcksek \u00fcr\u00fcnler \u00fcretir. NAKL\u0130YE AVANTAJI \u0130\u00e7 i\u00e7e ge\u00e7ebilen \u00fcr\u00fcn \u00f6zelli\u011fi sayesinde yerden tasarruf ve nakliyeden avantaj sa\u011flar. M\u00dc\u015eTER\u0130 MEMNUN\u0130YET\u0130 M\u00fc\u015fteri memnuniyetini devaml\u0131 \u00f6n planda tutarak hizmet vermekteyiz. 2005 Y\u0131l\u0131dan bu zamana kadar ambalaj sekt\u00f6r\u00fcne y\u00f6n vermeye devam ediyoruz. \u0130LET\u0130\u015e\u0130M H\u0130ZMETLER\u0130M\u0130Z Y\u0131llar ge\u00e7tik\u00e7e sekt\u00f6re yenilikler kazand\u0131rmaya&hellip; <br \/> <a class=\"read-more\" href=\"http:\/\/cavusgilambalaj.com\/\">Devam\u0131<\/a><\/p>\n","protected":false},"author":1,"featured_media":0,"parent":0,"menu_order":0,"comment_status":"closed","ping_status":"closed","template":"page-templates\/homepage.php","meta":{"footnotes":""},"_links":{"self":[{"href":"http:\/\/cavusgilambalaj.com\/index.php\/wp-json\/wp\/v2\/pages\/125"}],"collection":[{"href":"http:\/\/cavusgilambalaj.com\/index.php\/wp-json\/wp\/v2\/pages"}],"about":[{"href":"http:\/\/cavusgilambalaj.com\/index.php\/wp-json\/wp\/v2\/types\/page"}],"author":[{"embeddable":true,"href":"http:\/\/cavusgilambalaj.com\/index.php\/wp-json\/wp\/v2\/users\/1"}],"replies":[{"embeddable":true,"href":"http:\/\/cavusgilambalaj.com\/index.php\/wp-json\/wp\/v2\/comments?post=125"}],"version-history":[{"count":22,"href":"http:\/\/cavusgilambalaj.com\/index.php\/wp-json\/wp\/v2\/pages\/125\/revisions"}],"predecessor-version":[{"id":231,"href":"http:\/\/cavusgilambalaj.com\/index.php\/wp-json\/wp\/v2\/pages\/125\/revisions\/231"}],"wp:attachment":[{"href":"http:\/\/cavusgilambalaj.com\/index.php\/wp-json\/wp\/v2\/media?parent=125"}],"curies":[{"name":"wp","href":"https:\/\/api.w.org\/{rel}","templated":true}]}}